{"id":28,"date":"2023-12-12T13:11:11","date_gmt":"2023-12-12T11:11:11","guid":{"rendered":"https:\/\/tl.davidansushi.md\/?page_id=28"},"modified":"2024-04-05T15:05:25","modified_gmt":"2024-04-05T13:05:25","slug":"politica-de-confidentialitate","status":"publish","type":"page","link":"https:\/\/tl.davidansushi.md\/ru\/politica-de-confidentialitate\/","title":{"rendered":"Politica de Confiden\u021bialitate"},"content":{"rendered":"<div data-elementor-type=\"wp-page\" data-elementor-id=\"28\" class=\"elementor elementor-28\" data-elementor-post-type=\"page\">\n\t\t\t\t<div class=\"elementor-element elementor-element-6763b1f e-flex e-con-boxed wd-section-disabled e-con e-parent\" data-id=\"6763b1f\" data-element_type=\"container\" data-e-type=\"container\">\n\t\t\t\t\t<div class=\"e-con-inner\">\n\t\t\t\t<div class=\"elementor-element elementor-element-bee056e elementor-widget elementor-widget-wd_title\" data-id=\"bee056e\" data-element_type=\"widget\" data-e-type=\"widget\" data-widget_type=\"wd_title.default\">\n\t\t\t\t<div class=\"elementor-widget-container\">\n\t\t\t\t\t\t\t<div class=\"title-wrapper set-mb-s reset-last-child wd-title-color-default wd-title-style-default wd-title-size-default text-left\">\n\n\t\t\t\n\t\t\t<div class=\"liner-continer\">\n\t\t\t\t<h4 class=\"woodmart-title-container title wd-fontsize-l\">POLITICA DE CONFIDEN\u021aIALITATE<\/h4> \n\t\t\t\t\t\t\t<\/div>\n\n\t\t\t\t\t\t\t<div class=\"title-after_title set-cont-mb-s reset-last-child wd-fontsize-xs\">\n\t\t\t\t\t<p>Davidansushi.md respect\u0103 dreptul consumatorului de a proteja datele cu caracter personal \u0219i asigur\u0103 o confiden\u021bialitate sporit\u0103 a informa\u021biilor furnizate de clien\u021bii companiei. Prin urmare, ne asum\u0103m \u00eentreaga r\u0103spundere c\u0103 toate informa\u021biile primite de la utilizator \u00een timpul utiliz\u0103rii site-ului web Davidansushi.md vor fi utilizate strict \u00een scopul prev\u0103zut \u0219i protejate \u00een mod fiabil de accesul neautorizat de c\u0103tre ter\u021bi.<\/p><p>Clien\u021bii Davidansushi.md trebuie s\u0103 \u0219tie c\u0103 datele lor personale vor fi stocate \u0219i prelucrate pentru a:<\/p><p>\u2013 Completarea bazei de informa\u021bii a companiei pentru preg\u0103tirea rapoartelor statistice;<br \/>\u2013 Informarea despre noi oferte profitabile, reduceri, promo\u021bii ale Davidansushi.md \u0219i alte evenimente organizate de compania noastr\u0103 prin diferite canale de comunicare (e-mail, mesaje SMS, notific\u0103ri push etc.).<\/p><p>Colectarea \u0219i prelucrarea datelor cu caracter personal se efectueaz\u0103 folosind diverse metode \u0219i instrumente specifice, precum: stocarea formularelor completate de utilizatori, sondaje online \u00een baza de date a companiei, urm\u0103rirea traficului site-ului folosind software profesional, gestionarea buletinelor informative, utilizarea aplica\u021biilor speciale etc.<\/p><p>Unele sec\u021biuni ale site-ului necesit\u0103 \u00eenregistrare sau abonament, pentru care utilizatorul este solicitat pentru anumite date. Informa\u021biile solicitate sunt utilizate pentru identificarea, confirmarea, completarea contului. Anularea abonamentului poate fi efectuat\u0103 imediat, f\u0103r\u0103 a fi necesar\u0103 nicio alt\u0103 confirmare suplimentar\u0103.<\/p><p>Toate datele sunt utilizate pentru informarea \u0219i \u00eembun\u0103t\u0103\u021birea serviciului. Termenii politicii de confiden\u021bialitate se aplic\u0103 numai datelor furnizate de utilizator \u00een mod voluntar.<\/p><p>Astfel, magazinul online Davidansushi.md colecteaz\u0103 datele personale ale utilizatorilor ob\u021binute cu acordul lor voluntar pentru urm\u0103toarele:<\/p><p>\u2013 Confirmare \/ trimitere \/ depunere factur\u0103;<br \/>\u2013 Rezolvarea problemelor ap\u0103rute \u00een ceea ce prive\u0219te comenzile plasate, serviciile \u0219i bunurile achizi\u021bionate;<br \/>\u2013 Furnizarea accesului la anumite servicii;<br \/>\u2013 Trimiterea periodic\u0103 de \u0219tiri sau alte informa\u021bii despre reducerile viitoare, promo\u021bii, bonusuri \u00een form\u0103 electronic\u0103;<br \/>\u2013 Feedbackul clien\u021bilor;<br \/>\u2013 Obiective statistice.<\/p><p>\u00cen unele cazuri, Davidansushi.md folose\u0219te adresele IP ale utilizatorilor (Internet Protocol Address) \u0219i alte date care nu au nicio leg\u0103tur\u0103 cu informa\u021biile personale f\u0103r\u0103 consim\u021b\u0103m\u00e2ntul lor voluntar. De exemplu, ora de vizitare a site-ului, locul de unde a fost introdus site-ul, versiunea browserului, sistemul de operare, este utilizat\u0103 pentru a monitoriza urm\u0103toarele aspecte:<\/p><p>\u2013 Administrarea site-ului;<br \/>\u2013 Analiza, identificarea intereselor utilizatorilor;<br \/>\u2013 Utilizarea datelor pentru statistici demografice;<br \/>\u2013 \u00cembun\u0103t\u0103\u021birea navig\u0103rii pe site.<\/p>\t\t\t\t<\/div>\n\t\t\t\t\t<\/div>\n\t\t\t\t\t\t<\/div>\n\t\t\t\t<\/div>\n\t\t\t\t\t<\/div>\n\t\t\t\t<\/div>\n\t\t\t\t<\/div>","protected":false},"excerpt":{"rendered":"<p>POLITICA DE CONFIDEN\u021aIALITATE Davidansushi.md respect\u0103 dreptul consumatorului de a proteja datele cu caracter personal \u0219i asigur\u0103 o confiden\u021bialitate sporit\u0103 a<\/p>","protected":false},"author":2,"featured_media":0,"parent":0,"menu_order":0,"comment_status":"closed","ping_status":"closed","template":"","meta":{"footnotes":""},"class_list":["post-28","page","type-page","status-publish","hentry"],"_links":{"self":[{"href":"https:\/\/tl.davidansushi.md\/ru\/wp-json\/wp\/v2\/pages\/28","targetHints":{"allow":["GET"]}}],"collection":[{"href":"https:\/\/tl.davidansushi.md\/ru\/wp-json\/wp\/v2\/pages"}],"about":[{"href":"https:\/\/tl.davidansushi.md\/ru\/wp-json\/wp\/v2\/types\/page"}],"author":[{"embeddable":true,"href":"https:\/\/tl.davidansushi.md\/ru\/wp-json\/wp\/v2\/users\/2"}],"replies":[{"embeddable":true,"href":"https:\/\/tl.davidansushi.md\/ru\/wp-json\/wp\/v2\/comments?post=28"}],"version-history":[{"count":2,"href":"https:\/\/tl.davidansushi.md\/ru\/wp-json\/wp\/v2\/pages\/28\/revisions"}],"predecessor-version":[{"id":5084,"href":"https:\/\/tl.davidansushi.md\/ru\/wp-json\/wp\/v2\/pages\/28\/revisions\/5084"}],"wp:attachment":[{"href":"https:\/\/tl.davidansushi.md\/ru\/wp-json\/wp\/v2\/media?parent=28"}],"curies":[{"name":"wp","href":"https:\/\/api.w.org\/{rel}","templated":true}]}}