{"id":5285,"date":"2024-10-28T00:07:58","date_gmt":"2024-10-27T21:07:58","guid":{"rendered":"https:\/\/tl.davidansushi.md\/?post_type=product&#038;p=5285"},"modified":"2025-09-27T02:22:08","modified_gmt":"2025-09-26T23:22:08","slug":"poke-bowl-creveti","status":"publish","type":"product","link":"https:\/\/tl.davidansushi.md\/ru\/product\/poke-bowl-creveti\/","title":{"rendered":"Poke bowl \u0441 \u043a\u0440\u0435\u0432\u0435\u0442\u043a\u0430\u043c\u0438"},"content":{"rendered":"","protected":false},"excerpt":{"rendered":"<p><strong>\u0418\u043d\u0433\u0440\u0435\u0434\u0438\u0435\u043d\u0442\u044b:<\/strong><\/p>\n<ul>\n<li>\u0440\u0438\u0441<\/li>\n<li>\u043a\u0440\u0435\u0432\u0435\u0442\u043a\u0438<\/li>\n<li>mango<\/li>\n<li>boabe edamame<\/li>\n<li>\u0430\u0432\u043e\u043a\u0430\u0434\u043e<\/li>\n<li>\u043d\u043e\u0440\u0438<\/li>\n<li>ghimbir marinat<\/li>\n<li>alge wakame<\/li>\n<li>castrevete<\/li>\n<li>crem\u0103 de brn\u00e2nz\u0103<\/li>\n<li>sos poke<\/li>\n<li>sos soia<\/li>\n<li>nuci caju<\/li>\n<li>\u0441\u043e\u0443\u0441 \u0443\u043d\u0430\u0433\u0438<\/li>\n<li>\u043a\u0443\u043d\u0436\u0443\u0442<\/li>\n<li><\/li>\n<\/ul>","protected":false},"featured_media":5358,"template":"","meta":[],"product_brand":[],"product_cat":[48],"product_tag":[303,302,305,304],"class_list":{"0":"post-5285","1":"product","2":"type-product","3":"status-publish","4":"has-post-thumbnail","6":"product_cat-poke-bowl","7":"product_tag-bowl-sanatos","8":"product_tag-poke-bowl-creveti","9":"product_tag-305","10":"product_tag-304","12":"first","13":"instock","14":"shipping-taxable","15":"purchasable","16":"product-type-simple"},"_links":{"self":[{"href":"https:\/\/tl.davidansushi.md\/ru\/wp-json\/wp\/v2\/product\/5285","targetHints":{"allow":["GET"]}}],"collection":[{"href":"https:\/\/tl.davidansushi.md\/ru\/wp-json\/wp\/v2\/product"}],"about":[{"href":"https:\/\/tl.davidansushi.md\/ru\/wp-json\/wp\/v2\/types\/product"}],"version-history":[{"count":1,"href":"https:\/\/tl.davidansushi.md\/ru\/wp-json\/wp\/v2\/product\/5285\/revisions"}],"predecessor-version":[{"id":5359,"href":"https:\/\/tl.davidansushi.md\/ru\/wp-json\/wp\/v2\/product\/5285\/revisions\/5359"}],"wp:featuredmedia":[{"embeddable":true,"href":"https:\/\/tl.davidansushi.md\/ru\/wp-json\/wp\/v2\/media\/5358"}],"wp:attachment":[{"href":"https:\/\/tl.davidansushi.md\/ru\/wp-json\/wp\/v2\/media?parent=5285"}],"wp:term":[{"taxonomy":"product_brand","embeddable":true,"href":"https:\/\/tl.davidansushi.md\/ru\/wp-json\/wp\/v2\/product_brand?post=5285"},{"taxonomy":"product_cat","embeddable":true,"href":"https:\/\/tl.davidansushi.md\/ru\/wp-json\/wp\/v2\/product_cat?post=5285"},{"taxonomy":"product_tag","embeddable":true,"href":"https:\/\/tl.davidansushi.md\/ru\/wp-json\/wp\/v2\/product_tag?post=5285"}],"curies":[{"name":"wp","href":"https:\/\/api.w.org\/{rel}","templated":true}]}}